{"id":73068,"date":"2025-07-15T02:48:36","date_gmt":"2025-07-15T02:48:36","guid":{"rendered":"https:\/\/www.nativitypilgrimage.com\/?page_id=73068"},"modified":"2025-08-30T00:21:27","modified_gmt":"2025-08-30T00:21:27","slug":"trip-5462","status":"publish","type":"page","link":"https:\/\/www.nativitypilgrimage.com\/es\/trip-5462\/","title":{"rendered":"16-Day Pilgrimage to Austria, Germany, France, &#038; Switzerland"},"content":{"rendered":"<div class=\"wpb-content-wrapper\"><section id=\"about\" data-vc-full-width=\"true\" data-vc-full-width-temp=\"true\" data-vc-full-width-init=\"false\" data-vc-stretch-content=\"true\" class=\"vc_section about vc_custom_1639462520643 vc_section-has-fill\"><div class=\"vc_row wpb_row vc_row-fluid dt-default\" style=\"margin-top: 0px;margin-bottom: 0px\"><div class=\"wpb_column vc_column_container vc_col-sm-12\"><div class=\"vc_column-inner\"><div class=\"wpb_wrapper\"><div class=\"vc_empty_space\"   style=\"height: 50px\"><span class=\"vc_empty_space_inner\"><\/span><\/div><\/div><\/div><\/div><\/div><div class=\"vc_row wpb_row vc_row-fluid vc_custom_1752546578069 vc_row-has-fill\"><div class=\"wpb_column vc_column_container vc_col-sm-6\"><div class=\"vc_column-inner vc_custom_1752546641850\"><div class=\"wpb_wrapper\"><div id=\"ultimate-heading-133069e07775263c8\" class=\"uvc-heading ult-adjust-bottom-margin ultimate-heading-133069e07775263c8 uvc-6682  uvc-heading-default-font-sizes\" data-hspacer=\"no_spacer\"  data-halign=\"center\" style=\"text-align:center\"><div class=\"uvc-heading-spacer no_spacer\" style=\"top\"><\/div><div class=\"uvc-main-heading ult-responsive\"  data-ultimate-target='.uvc-heading.ultimate-heading-133069e07775263c8 h2'  data-responsive-json-new='{\"font-size\":\"\",\"line-height\":\"\"}' ><h2 style=\"font-weight:bold;color:#FFFFFF;\">SOBRE TU VIAJE<\/h2><\/div><\/div><\/div><\/div><\/div><div class=\"wpb_column vc_column_container vc_col-sm-6\"><div class=\"vc_column-inner vc_custom_1752546650684\"><div class=\"wpb_wrapper\"><div id=\"ultimate-heading-181069e07775266b2\" class=\"uvc-heading ult-adjust-bottom-margin ultimate-heading-181069e07775266b2 uvc-8389  uvc-heading-default-font-sizes\" data-hspacer=\"no_spacer\"  data-halign=\"center\" style=\"text-align:center\"><div class=\"uvc-heading-spacer no_spacer\" style=\"top\"><\/div><div class=\"uvc-main-heading ult-responsive\"  data-ultimate-target='.uvc-heading.ultimate-heading-181069e07775266b2 h2'  data-responsive-json-new='{\"font-size\":\"\",\"line-height\":\"\"}' ><h2 style=\"font-weight:bold;color:#FFFFFF;\">DESTACADOS<\/h2><\/div><\/div><\/div><\/div><\/div><\/div><div class=\"vc_row wpb_row vc_row-fluid dt-default\" style=\"margin-top: 0px;margin-bottom: 0px\"><div class=\"wpb_column vc_column_container vc_col-sm-6\"><div class=\"vc_column-inner\"><div class=\"wpb_wrapper\">\n\t<div class=\"wpb_text_column wpb_content_element\" >\n\t\t<div class=\"wpb_wrapper\">\n\t\t\t<h3 style=\"text-align: center;\"><\/h3>\n<p><img loading=\"lazy\" decoding=\"async\" class=\"wp-image-73660 aligncenter\" src=\"https:\/\/www.nativitypilgrimage.com\/wp-content\/uploads\/2025\/08\/Spiritual-Director-300x300.png\" alt=\"\" width=\"260\" height=\"260\" srcset=\"https:\/\/www.nativitypilgrimage.com\/wp-content\/uploads\/2025\/08\/Spiritual-Director-300x300.png 300w, https:\/\/www.nativitypilgrimage.com\/wp-content\/uploads\/2025\/08\/Spiritual-Director-150x150.png 150w, https:\/\/www.nativitypilgrimage.com\/wp-content\/uploads\/2025\/08\/Spiritual-Director-12x12.png 12w, https:\/\/www.nativitypilgrimage.com\/wp-content\/uploads\/2025\/08\/Spiritual-Director-200x200.png 200w, https:\/\/www.nativitypilgrimage.com\/wp-content\/uploads\/2025\/08\/Spiritual-Director.png 600w\" sizes=\"auto, (max-width: 260px) 100vw, 260px\" \/><\/p>\n<h3 style=\"text-align: center;\"><strong>DIRECTOR ESPIRITUAL<\/strong><\/h3>\n<h4 style=\"text-align: center;\">P. Miguel \u00c1ngel Guti\u00e9rrez<\/h4>\n<h3 style=\"text-align: center;\"><strong>FECHAS DE PEREGRINACI\u00d3N<\/strong><\/h3>\n<h4 style=\"text-align: center;\">9-24 de abril de 2026<\/h4>\n<h3 style=\"text-align: center;\"><strong>COSTE DE LA PEREGRINACI\u00d3N<\/strong><\/h3>\n<h4 style=\"text-align: center;\">$5.999 por persona<\/h4>\n<h3 style=\"text-align: center;\"><strong>SALIDA<\/strong><\/h3>\n<h4 style=\"text-align: center;\">LAX<\/h4>\n\n\t\t<\/div>\n\t<\/div>\n<\/div><\/div><\/div><div class=\"wpb_column vc_column_container vc_col-sm-6\"><div class=\"vc_column-inner\"><div class=\"wpb_wrapper\">\n\t<div class=\"wpb_text_column wpb_content_element  vc_custom_1756509282067\" >\n\t\t<div class=\"wpb_wrapper\">\n\t\t\t<p><center><\/p>\n<h3><i class=\"fa-solid fa-location-dot\"><\/i> Viena <i class=\"fa-solid fa-location-dot\"><\/i> Praga <i class=\"fa-solid fa-location-dot\"><\/i> Ratisbona <i class=\"fa-solid fa-location-dot\"><\/i> M\u00fanich <i class=\"fa-solid fa-location-dot\"><\/i> Nuremberg <i class=\"fa-solid fa-location-dot\"><\/i> Rothenburg ob der Tauber <i class=\"fa-solid fa-location-dot\"><\/i> Estrasburgo <i class=\"fa-solid fa-location-dot\"><\/i> Colmar <i class=\"fa-solid fa-location-dot\"><\/i> Z\u00farich <i class=\"fa-solid fa-location-dot\"><\/i> Berna<\/h3>\n<p><\/center><\/p>\n\n\t\t<\/div>\n\t<\/div>\n<div class=\"vc_empty_space\"   style=\"height: 50px\"><span class=\"vc_empty_space_inner\"><\/span><\/div>\n\t<div class=\"wpb_text_column wpb_content_element\" >\n\t\t<div class=\"wpb_wrapper\">\n\t\t\t<div id=\"metaslider-id-73770\" style=\"width: 100%;\" class=\"ml-slider-3-106-0 ml-slider-pro-2-54-0 metaslider metaslider-flex metaslider-73770 ml-slider has-dots-nav ms-theme-default-base\" role=\"region\" aria-label=\"Custom-5462-16-D\u00edas Austria, Alemania y Francia\" data-height=\"300\" data-width=\"700\">\n    <div id=\"metaslider_container_73770\">\n        <div id=\"metaslider_73770\">\n            <ul aria-live='off' class='slides'>\n                <li style=\"display: block; width: 100%;\" class=\"slide-73771 ms-image\" aria-roledescription=\"slide\" data-date=\"2025-08-30 00:05:30\" data-filename=\"Day-1-Flight-to-Vienna-1-500x214.png\" data-slide-type=\"image\"><img loading=\"lazy\" decoding=\"async\" src=\"https:\/\/www.nativitypilgrimage.com\/wp-content\/uploads\/2025\/08\/Day-1-Flight-to-Vienna-1-500x214.png\" height=\"300\" width=\"700\" alt=\"\" class=\"slider-73770 slide-73771 msDefaultImage\" title=\"D\u00eda 1 - Vuelo a Viena\" \/><div class=\"caption-wrap\"><div class=\"caption\">D\u00eda 1 - Vuelo a Viena<\/div><\/div><\/li>\n                <li style=\"display: none; width: 100%;\" class=\"slide-73786 ms-image\" aria-roledescription=\"slide\" data-date=\"2025-08-30 00:05:40\" data-filename=\"Day-2-Arrive-in-Vienna-1-500x214.png\" data-slide-type=\"image\"><img loading=\"lazy\" decoding=\"async\" src=\"https:\/\/www.nativitypilgrimage.com\/wp-content\/uploads\/2025\/08\/Day-2-Arrive-in-Vienna-1-500x214.png\" height=\"300\" width=\"700\" alt=\"\" class=\"slider-73770 slide-73786 msDefaultImage\" title=\"D\u00eda 2 - Llegada a Viena\" \/><div class=\"caption-wrap\"><div class=\"caption\">D\u00eda 2 - Llegada a Viena<\/div><\/div><\/li>\n                <li style=\"display: none; width: 100%;\" class=\"slide-73785 ms-image\" aria-roledescription=\"slide\" data-date=\"2025-08-30 00:05:39\" data-filename=\"Day-3-Hofburg-Palace-1-500x214.png\" data-slide-type=\"image\"><img loading=\"lazy\" decoding=\"async\" src=\"https:\/\/www.nativitypilgrimage.com\/wp-content\/uploads\/2025\/08\/Day-3-Hofburg-Palace-1-500x214.png\" height=\"300\" width=\"700\" alt=\"\" class=\"slider-73770 slide-73785 msDefaultImage\" title=\"D\u00eda 3 - Palacio de Hofburg\" \/><div class=\"caption-wrap\"><div class=\"caption\">D\u00eda 3 - Palacio de Hofburg - Viena<\/div><\/div><\/li>\n                <li style=\"display: none; width: 100%;\" class=\"slide-73784 ms-image\" aria-roledescription=\"slide\" data-date=\"2025-08-30 00:05:39\" data-filename=\"Day-4-Prague-1-500x214.png\" data-slide-type=\"image\"><img loading=\"lazy\" decoding=\"async\" src=\"https:\/\/www.nativitypilgrimage.com\/wp-content\/uploads\/2025\/08\/Day-4-Prague-1-500x214.png\" height=\"300\" width=\"700\" alt=\"\" class=\"slider-73770 slide-73784 msDefaultImage\" title=\"D\u00eda 4 - Praga\" \/><div class=\"caption-wrap\"><div class=\"caption\">D\u00eda 4 - Praga, Rep\u00fablica Checa<\/div><\/div><\/li>\n                <li style=\"display: none; width: 100%;\" class=\"slide-73783 ms-image\" aria-roledescription=\"slide\" data-date=\"2025-08-30 00:05:38\" data-filename=\"Day-5-St.-Vitus-Cathedral-in-Prague-1-500x214.png\" data-slide-type=\"image\"><img loading=\"lazy\" decoding=\"async\" src=\"https:\/\/www.nativitypilgrimage.com\/wp-content\/uploads\/2025\/08\/Day-5-St.-Vitus-Cathedral-in-Prague-1-500x214.png\" height=\"300\" width=\"700\" alt=\"\" class=\"slider-73770 slide-73783 msDefaultImage\" title=\"D\u00eda 5 - La Catedral de San Vito de Praga\" \/><div class=\"caption-wrap\"><div class=\"caption\">D\u00eda 5 - La Catedral de San Vito de Praga<\/div><\/div><\/li>\n                <li style=\"display: none; width: 100%;\" class=\"slide-73782 ms-image\" aria-roledescription=\"slide\" data-date=\"2025-08-30 00:05:38\" data-filename=\"Day-6-Regensburg-1-500x214.png\" data-slide-type=\"image\"><img loading=\"lazy\" decoding=\"async\" src=\"https:\/\/www.nativitypilgrimage.com\/wp-content\/uploads\/2025\/08\/Day-6-Regensburg-1-500x214.png\" height=\"300\" width=\"700\" alt=\"\" class=\"slider-73770 slide-73782 msDefaultImage\" title=\"D\u00eda 6 - Ratisbona\" \/><div class=\"caption-wrap\"><div class=\"caption\">D\u00eda 6 - Ratisbona, Alemania<\/div><\/div><\/li>\n                <li style=\"display: none; width: 100%;\" class=\"slide-73781 ms-image\" aria-roledescription=\"slide\" data-date=\"2025-08-30 00:05:37\" data-filename=\"Day-7-Munich-1-500x214.png\" data-slide-type=\"image\"><img loading=\"lazy\" decoding=\"async\" src=\"https:\/\/www.nativitypilgrimage.com\/wp-content\/uploads\/2025\/08\/Day-7-Munich-1-500x214.png\" height=\"300\" width=\"700\" alt=\"\" class=\"slider-73770 slide-73781 msDefaultImage\" title=\"D\u00eda 7 - M\u00fanich\" \/><div class=\"caption-wrap\"><div class=\"caption\">D\u00eda 7 - M\u00fanich<\/div><\/div><\/li>\n                <li style=\"display: none; width: 100%;\" class=\"slide-73780 ms-image\" aria-roledescription=\"slide\" data-date=\"2025-08-30 00:05:37\" data-filename=\"Day-8-Nuremberg-1-500x214.png\" data-slide-type=\"image\"><img loading=\"lazy\" decoding=\"async\" src=\"https:\/\/www.nativitypilgrimage.com\/wp-content\/uploads\/2025\/08\/Day-8-Nuremberg-1-500x214.png\" height=\"300\" width=\"700\" alt=\"\" class=\"slider-73770 slide-73780 msDefaultImage\" title=\"D\u00eda 8 - N\u00faremberg\" \/><div class=\"caption-wrap\"><div class=\"caption\">D\u00eda 8 - N\u00faremberg<\/div><\/div><\/li>\n                <li style=\"display: none; width: 100%;\" class=\"slide-73779 ms-image\" aria-roledescription=\"slide\" data-date=\"2025-08-30 00:05:36\" data-filename=\"Day-9-Rothenburg-ob-der-Tauber-1-500x214.png\" data-slide-type=\"image\"><img loading=\"lazy\" decoding=\"async\" src=\"https:\/\/www.nativitypilgrimage.com\/wp-content\/uploads\/2025\/08\/Day-9-Rothenburg-ob-der-Tauber-1-500x214.png\" height=\"300\" width=\"700\" alt=\"\" class=\"slider-73770 slide-73779 msDefaultImage\" title=\"D\u00eda 9 - Rothenburg Ob Der Tauber\" \/><div class=\"caption-wrap\"><div class=\"caption\">D\u00eda 9 - Rothenburg Ob Der Tauber<\/div><\/div><\/li>\n                <li style=\"display: none; width: 100%;\" class=\"slide-73778 ms-image\" aria-roledescription=\"slide\" data-date=\"2025-08-30 00:05:36\" data-filename=\"Day-10-Strasbourg-Cathedral-1-500x214.png\" data-slide-type=\"image\"><img loading=\"lazy\" decoding=\"async\" src=\"https:\/\/www.nativitypilgrimage.com\/wp-content\/uploads\/2025\/08\/Day-10-Strasbourg-Cathedral-1-500x214.png\" height=\"300\" width=\"700\" alt=\"\" class=\"slider-73770 slide-73778 msDefaultImage\" title=\"D\u00eda 10 - Catedral de Estrasburgo\" \/><div class=\"caption-wrap\"><div class=\"caption\">D\u00eda 10 - Catedral de Estrasburgo<\/div><\/div><\/li>\n                <li style=\"display: none; width: 100%;\" class=\"slide-73777 ms-image\" aria-roledescription=\"slide\" data-date=\"2025-08-30 00:05:35\" data-filename=\"Day-11-St.-Pauls-Cathedral-Church-Strasbourg-1-500x214.png\" data-slide-type=\"image\"><img loading=\"lazy\" decoding=\"async\" src=\"https:\/\/www.nativitypilgrimage.com\/wp-content\/uploads\/2025\/08\/Day-11-St.-Pauls-Cathedral-Church-Strasbourg-1-500x214.png\" height=\"300\" width=\"700\" alt=\"\" class=\"slider-73770 slide-73777 msDefaultImage\" title=\"D\u00eda 11 - Catedral de San Pablo, Estrasburgo\" \/><div class=\"caption-wrap\"><div class=\"caption\">D\u00eda 11 - Catedral de San Pablo, Estrasburgo, Francia<\/div><\/div><\/li>\n                <li style=\"display: none; width: 100%;\" class=\"slide-73776 ms-image\" aria-roledescription=\"slide\" data-date=\"2025-08-30 00:05:34\" data-filename=\"Day-12-Colmar-France-1-500x214.png\" data-slide-type=\"image\"><img loading=\"lazy\" decoding=\"async\" src=\"https:\/\/www.nativitypilgrimage.com\/wp-content\/uploads\/2025\/08\/Day-12-Colmar-France-1-500x214.png\" height=\"300\" width=\"700\" alt=\"\" class=\"slider-73770 slide-73776 msDefaultImage\" title=\"D\u00eda 12 - Colmar, Francia\" \/><div class=\"caption-wrap\"><div class=\"caption\">D\u00eda 12 - Colmar, Francia<\/div><\/div><\/li>\n                <li style=\"display: none; width: 100%;\" class=\"slide-73775 ms-image\" aria-roledescription=\"slide\" data-date=\"2025-08-30 00:05:34\" data-filename=\"Day-13-Colmar-France-1-500x214.png\" data-slide-type=\"image\"><img loading=\"lazy\" decoding=\"async\" src=\"https:\/\/www.nativitypilgrimage.com\/wp-content\/uploads\/2025\/08\/Day-13-Colmar-France-1-500x214.png\" height=\"300\" width=\"700\" alt=\"\" class=\"slider-73770 slide-73775 msDefaultImage\" title=\"D\u00eda 13 - Colmar, Francia\" \/><div class=\"caption-wrap\"><div class=\"caption\">D\u00eda 13 - Colmar, Francia<\/div><\/div><\/li>\n                <li style=\"display: none; width: 100%;\" class=\"slide-73774 ms-image\" aria-roledescription=\"slide\" data-date=\"2025-08-30 00:05:33\" data-filename=\"Day-14-Grossmunster-Zurich-1-500x214.png\" data-slide-type=\"image\"><img loading=\"lazy\" decoding=\"async\" src=\"https:\/\/www.nativitypilgrimage.com\/wp-content\/uploads\/2025\/08\/Day-14-Grossmunster-Zurich-1-500x214.png\" height=\"300\" width=\"700\" alt=\"\" class=\"slider-73770 slide-73774 msDefaultImage\" title=\"D\u00eda 14 - Grossm\u00fcnster, Z\u00farich, Suiza\" \/><div class=\"caption-wrap\"><div class=\"caption\">D\u00eda 14 - Grossm\u00fcnster, Z\u00farich, Suiza<\/div><\/div><\/li>\n                <li style=\"display: none; width: 100%;\" class=\"slide-73773 ms-image\" aria-roledescription=\"slide\" data-date=\"2025-08-30 00:05:31\" data-filename=\"Day-15-Bern-Switzerland-1-500x214.png\" data-slide-type=\"image\"><img loading=\"lazy\" decoding=\"async\" src=\"https:\/\/www.nativitypilgrimage.com\/wp-content\/uploads\/2025\/08\/Day-15-Bern-Switzerland-1-500x214.png\" height=\"300\" width=\"700\" alt=\"\" class=\"slider-73770 slide-73773 msDefaultImage\" title=\"D\u00eda 15 - Berna, Suiza\" \/><div class=\"caption-wrap\"><div class=\"caption\">D\u00eda 15 - Berna, Suiza<\/div><\/div><\/li>\n                <li style=\"display: none; width: 100%;\" class=\"slide-73772 ms-image\" aria-roledescription=\"slide\" data-date=\"2025-08-30 00:05:31\" data-filename=\"Day-16-Departure-1-500x214.png\" data-slide-type=\"image\"><img loading=\"lazy\" decoding=\"async\" src=\"https:\/\/www.nativitypilgrimage.com\/wp-content\/uploads\/2025\/08\/Day-16-Departure-1-500x214.png\" height=\"300\" width=\"700\" alt=\"\" class=\"slider-73770 slide-73772 msDefaultImage\" title=\"D\u00eda 16 - Salida\" \/><div class=\"caption-wrap\"><div class=\"caption\">D\u00eda 16 - Salida<\/div><\/div><\/li>\n            <\/ul>\n        <\/div>\n        \n    <\/div>\n<\/div>\n\n\t\t<\/div>\n\t<\/div>\n<\/div><\/div><\/div><\/div><\/section><div class=\"vc_row-full-width vc_clearfix\"><\/div><section id=\"itinerary\" data-vc-full-width=\"true\" data-vc-full-width-temp=\"true\" data-vc-full-width-init=\"false\" data-vc-stretch-content=\"true\" class=\"vc_section itinerary vc_custom_1639421091977 vc_section-has-fill\"><div class=\"vc_row wpb_row vc_row-fluid dt-default\" style=\"margin-top: 0px;margin-bottom: 0px\"><div class=\"itinerary-ipad wpb_column vc_column_container vc_col-sm-6\"><div class=\"vc_column-inner vc_custom_1756508789739\"><div class=\"wpb_wrapper\">\n\t<div class=\"wpb_text_column wpb_content_element\" >\n\t\t<div class=\"wpb_wrapper\">\n\t\t\t<h3 style=\"text-align: left;\"><strong>QU\u00c9 INCLUYE<\/strong><\/h3>\n<p style=\"text-align: left;\"><i class=\"fas fa-plane\"><\/i> Billete de avi\u00f3n de ida y vuelta<\/p>\n<p style=\"text-align: left;\"><i class=\"fas fa-gas-pump\"><\/i>Todas las tasas de aeropuerto y recargos por combustible<\/p>\n<p style=\"text-align: left;\"><i class=\"fas fa-bed\"><\/i>Hoteles de primera clase<\/p>\n<p style=\"text-align: left;\"><i class=\"fas fa-people-arrows\"><\/i>Precios basados en ocupaci\u00f3n doble<\/p>\n<p style=\"text-align: left;\"><i class=\"fas fa-bus\"><\/i>Transporte terrestre<\/p>\n<p style=\"text-align: left;\"><i class=\"fas fa-utensils\"><\/i>Desayuno y cena<\/p>\n<p style=\"text-align: left;\"><i class=\"fas fa-binoculars\"><\/i>Tasas de turismo\/admisi\u00f3n<\/p>\n<p style=\"text-align: left;\"><i class=\"fas fa-church\"><\/i>Misas diarias<\/p>\n<p style=\"text-align: left;\"><i class=\"fas fa-hiking\"><\/i>Gu\u00edas locales profesionales<\/p>\n<p style=\"text-align: left;\"><i class=\"fas fa-scroll\"><\/i>Folletos promocionales y materiales de marketing impresos<\/p>\n<p style=\"text-align: left;\"><i class=\"fas fa-user-shield\"><\/i>Plan de Protecci\u00f3n M\u00e9dica<\/p>\n\n\t\t<\/div>\n\t<\/div>\n\n\t<div class=\"wpb_text_column wpb_content_element\" >\n\t\t<div class=\"wpb_wrapper\">\n\t\t\t<h3><strong>LO QUE NO EST\u00c1 INCLUIDO<\/strong><\/h3>\n<p><i class=\"far fa-times-circle\"><\/i>Seguro de anulaci\u00f3n de viaje (muy recomendable)<\/p>\n<p><i class=\"far fa-times-circle\"><\/i>Gastos de pasaporte y visado<\/p>\n<p><i class=\"far fa-times-circle\"><\/i>Propinas para el director de la excursi\u00f3n, los gu\u00edas y el conductor<\/p>\n<p><i class=\"far fa-times-circle\"><\/i>Art\u00edculos\/gastos personales (extras de hotel, lavander\u00eda, llamadas telef\u00f3nicas, etc.)<\/p>\n\n\t\t<\/div>\n\t<\/div>\n<\/div><\/div><\/div><div class=\"wpb_column vc_column_container vc_col-sm-6\"><div class=\"vc_column-inner vc_custom_1756508804611\"><div class=\"wpb_wrapper\">\n\t<div class=\"wpb_text_column wpb_content_element  vc_custom_1756508628956\" >\n\t\t<div class=\"wpb_wrapper\">\n\t\t\t<h3 style=\"text-align: center;\"><span style=\"color: #29255b;\"><strong>\u00a1RESERVA ESTE VIAJE!<\/strong><\/span><\/h3>\n<p style=\"text-align: center;\">Reservar online nunca ha sido tan f\u00e1cil. Paga tu dep\u00f3sito, realiza pagos peri\u00f3dicos, crea tu inicio de sesi\u00f3n y accede a tu cuenta personalizada. Toda la informaci\u00f3n de tu viaje se encuentra c\u00f3modamente en un solo lugar. \u00a1Haz clic abajo para empezar!<\/p>\n\n\t\t<\/div>\n\t<\/div>\n<style type=\"text\/css\" data-type=\"the7_shortcodes-inline-css\">#default-btn-a4aeff277de8a89d44519c01c334d32e {\n  border-radius: 0px;\n  font-size: 12px;\n  line-height: 14px;\n}\n.btn-shadow#default-btn-a4aeff277de8a89d44519c01c334d32e {\n  box-shadow: 0 1px 6px rgba(0,0,0,0.12);\n  transition: box-shadow 0.2s ease-out, opacity 0.45s;\n}\n.btn-shadow#default-btn-a4aeff277de8a89d44519c01c334d32e:hover {\n  box-shadow: 0 5px 11px 0 rgba(0,0,0,0.18), 0 4px 15px 0 rgba(0,0,0,0.15);\n}\n.btn-3d#default-btn-a4aeff277de8a89d44519c01c334d32e {\n  box-shadow: 0px 2px 0px 0px #1b1a29;\n}\n.btn-3d#default-btn-a4aeff277de8a89d44519c01c334d32e:hover {\n  box-shadow: 0px 2px 0px 0px #ae8821;\n}\n.btn-flat#default-btn-a4aeff277de8a89d44519c01c334d32e {\n  box-shadow: none;\n}\n.btn-flat#default-btn-a4aeff277de8a89d44519c01c334d32e:hover {\n  box-shadow: none;\n}\n#default-btn-a4aeff277de8a89d44519c01c334d32e.ico-right-side > i {\n  margin-right: 0px;\n  margin-left: 8px;\n}\n#default-btn-a4aeff277de8a89d44519c01c334d32e > i {\n  margin-right: 8px;\n  font-size: 12px;\n}\n#default-btn-a4aeff277de8a89d44519c01c334d32e:not(:hover) {\n  border-width: 0px;\n  color: #ffffff;\n  background: #29255b !important;\n  padding: 18px 18px 18px 18px;\n}\n#default-btn-a4aeff277de8a89d44519c01c334d32e:not(:hover) * {\n  color: #ffffff;\n}\n#default-btn-a4aeff277de8a89d44519c01c334d32e:hover {\n  border-width: 0px;\n  color: #0a0a0a;\n  background: #f1b81b !important;\n  padding: 18px 18px 18px 18px;\n}\n#default-btn-a4aeff277de8a89d44519c01c334d32e:hover * {\n  color: #0a0a0a;\n}\n#default-btn-a4aeff277de8a89d44519c01c334d32e.ico-right-side > i {\n  margin-right: 0px;\n  margin-left: 8px;\n}\n#default-btn-a4aeff277de8a89d44519c01c334d32e > i {\n  margin-right: 8px;\n}<\/style><div class=\"btn-align-center\"><a href=\"https:\/\/app.nativitypilgrimage.com\/trip\/?trip=45462\" class=\"default-btn-shortcode dt-btn link-hover-off btn-flat  vc_custom_1756508645555\" target=\"_blank\" id=\"default-btn-a4aeff277de8a89d44519c01c334d32e\" style=\"width:200px;\" rel=\"noopener\"><span>REG\u00cdSTRATE<\/span><\/a><\/div>\n\t<div class=\"wpb_text_column wpb_content_element  vc_custom_1756508660617\" >\n\t\t<div class=\"wpb_wrapper\">\n\t\t\t<h3 style=\"font-weight: 400; text-align: center;\"><strong>PROTECCI\u00d3N EN VIAJE<\/strong><\/h3>\n<p style=\"font-weight: 400; text-align: center;\">Aunque el seguro de viaje es opcional, te lo recomendamos encarecidamente. Prep\u00e1rate para imprevistos que pueden llevarte a cancelar tu viaje con los gastos que ello conlleva. Para ver nuestro paquete de seguros con Travel Insured International, haz clic abajo.<\/p>\n\n\t\t<\/div>\n\t<\/div>\n<style type=\"text\/css\" data-type=\"the7_shortcodes-inline-css\">#default-btn-12abd5be60932abecb621bfaea9f0c6f {\n  border-radius: 0px;\n  font-size: 12px;\n  line-height: 14px;\n}\n.btn-shadow#default-btn-12abd5be60932abecb621bfaea9f0c6f {\n  box-shadow: 0 1px 6px rgba(0,0,0,0.12);\n  transition: box-shadow 0.2s ease-out, opacity 0.45s;\n}\n.btn-shadow#default-btn-12abd5be60932abecb621bfaea9f0c6f:hover {\n  box-shadow: 0 5px 11px 0 rgba(0,0,0,0.18), 0 4px 15px 0 rgba(0,0,0,0.15);\n}\n.btn-3d#default-btn-12abd5be60932abecb621bfaea9f0c6f {\n  box-shadow: 0px 2px 0px 0px #1b1a29;\n}\n.btn-3d#default-btn-12abd5be60932abecb621bfaea9f0c6f:hover {\n  box-shadow: 0px 2px 0px 0px #ae8821;\n}\n.btn-flat#default-btn-12abd5be60932abecb621bfaea9f0c6f {\n  box-shadow: none;\n}\n.btn-flat#default-btn-12abd5be60932abecb621bfaea9f0c6f:hover {\n  box-shadow: none;\n}\n#default-btn-12abd5be60932abecb621bfaea9f0c6f.ico-right-side > i {\n  margin-right: 0px;\n  margin-left: 8px;\n}\n#default-btn-12abd5be60932abecb621bfaea9f0c6f > i {\n  margin-right: 8px;\n  font-size: 12px;\n}\n#default-btn-12abd5be60932abecb621bfaea9f0c6f:not(:hover) {\n  border-width: 0px;\n  color: #ffffff;\n  background: #29255b !important;\n  padding: 18px 18px 18px 18px;\n}\n#default-btn-12abd5be60932abecb621bfaea9f0c6f:not(:hover) * {\n  color: #ffffff;\n}\n#default-btn-12abd5be60932abecb621bfaea9f0c6f:hover {\n  border-width: 0px;\n  color: #0c0c0c;\n  background: #f1b81b !important;\n  padding: 18px 18px 18px 18px;\n}\n#default-btn-12abd5be60932abecb621bfaea9f0c6f:hover * {\n  color: #0c0c0c;\n}\n#default-btn-12abd5be60932abecb621bfaea9f0c6f.ico-right-side > i {\n  margin-right: 0px;\n  margin-left: 8px;\n}\n#default-btn-12abd5be60932abecb621bfaea9f0c6f > i {\n  margin-right: 8px;\n}<\/style><div class=\"btn-align-center\"><a href=\"https:\/\/www.nativitypilgrimage.com\/travel-protection-form-2\/\" class=\"default-btn-shortcode dt-btn link-hover-off btn-flat  vc_custom_1756508671519\" target=\"_blank\" id=\"default-btn-12abd5be60932abecb621bfaea9f0c6f\" style=\"width:200px;\" title=\"Formulario de protecci\u00f3n de viaje\" rel=\"noopener\"><span>SEGURO DE VIAJE<\/span><\/a><\/div><\/div><\/div><\/div><\/div><\/section><div class=\"vc_row-full-width vc_clearfix\"><\/div><section id=\"upcomingtrip\" data-vc-full-width=\"true\" data-vc-full-width-temp=\"true\" data-vc-full-width-init=\"false\" data-vc-stretch-content=\"true\" class=\"vc_section\"><div class=\"vc_row wpb_row vc_row-fluid dt-default\" style=\"margin-top: 0px;margin-bottom: 0px\"><div class=\"upcoming-ipad wpb_column vc_column_container vc_col-sm-12\"><div class=\"vc_column-inner vc_custom_1639460857647\"><div class=\"wpb_wrapper\"><div class=\"vc_empty_space\"   style=\"height: 50px\"><span class=\"vc_empty_space_inner\"><\/span><\/div><\/div><\/div><\/div><\/div><\/section><div class=\"vc_row-full-width vc_clearfix\"><\/div><div class=\"vc_row wpb_row vc_row-fluid dt-default\" style=\"margin-top: 0px;margin-bottom: 0px\"><div class=\"wpb_column vc_column_container vc_col-sm-12\"><div class=\"vc_column-inner\"><div class=\"wpb_wrapper\">\n\t<div  class=\"wpb_single_image wpb_content_element vc_align_center\">\n\t\t\n\t\t<figure class=\"wpb_wrapper vc_figure\">\n\t\t\t<div class=\"vc_single_image-wrapper   vc_box_border_grey\"><\/div>\n\t\t<\/figure>\n\t<\/div>\n<\/div><\/div><\/div><\/div>\n<\/div>","protected":false},"excerpt":{"rendered":"<p>ABOUT YOUR TRIPHIGHLIGHTS SPIRITUAL DIRECTOR Fr. Miguel Angel Gutierrez PILGRIMAGE&nbsp; DATES April 9-24, 2026 PILGRIMAGE COST $5,999 per person DEPARTURE LAX Vienna Prague Regensburg Munich Nuremberg Rothenburg ob der Tauber Strasbourg Colmar Zurich Bern Day 1 &#8211; Flight To Vienna Day 2 &#8211; Arrive In Vienna Day 3 &#8211; Hofburg Palace &#8211; Vienna Day 4&hellip;<\/p>","protected":false},"author":8,"featured_media":0,"parent":0,"menu_order":0,"comment_status":"closed","ping_status":"closed","template":"template-microsite.php","meta":{"footnotes":""},"class_list":["post-73068","page","type-page","status-publish","hentry","description-off"],"_links":{"self":[{"href":"https:\/\/www.nativitypilgrimage.com\/es\/wp-json\/wp\/v2\/pages\/73068","targetHints":{"allow":["GET"]}}],"collection":[{"href":"https:\/\/www.nativitypilgrimage.com\/es\/wp-json\/wp\/v2\/pages"}],"about":[{"href":"https:\/\/www.nativitypilgrimage.com\/es\/wp-json\/wp\/v2\/types\/page"}],"author":[{"embeddable":true,"href":"https:\/\/www.nativitypilgrimage.com\/es\/wp-json\/wp\/v2\/users\/8"}],"replies":[{"embeddable":true,"href":"https:\/\/www.nativitypilgrimage.com\/es\/wp-json\/wp\/v2\/comments?post=73068"}],"version-history":[{"count":0,"href":"https:\/\/www.nativitypilgrimage.com\/es\/wp-json\/wp\/v2\/pages\/73068\/revisions"}],"wp:attachment":[{"href":"https:\/\/www.nativitypilgrimage.com\/es\/wp-json\/wp\/v2\/media?parent=73068"}],"curies":[{"name":"wp","href":"https:\/\/api.w.org\/{rel}","templated":true}]}}