{"id":72922,"date":"2025-06-30T17:02:54","date_gmt":"2025-06-30T17:02:54","guid":{"rendered":"https:\/\/www.nativitypilgrimage.com\/?page_id=72922"},"modified":"2025-06-30T18:25:15","modified_gmt":"2025-06-30T18:25:15","slug":"pcm","status":"publish","type":"page","link":"https:\/\/www.nativitypilgrimage.com\/es\/pcm\/","title":{"rendered":"PCM Peregrinaci\u00f3n a Espa\u00f1a y Portugal"},"content":{"rendered":"<div class=\"wpb-content-wrapper\"><section class=\"vc_section vc_custom_1751307801466 vc_section-has-fill\"><div data-vc-full-width=\"true\" data-vc-full-width-temp=\"true\" data-vc-full-width-init=\"false\" data-vc-stretch-content=\"true\" class=\"vc_row wpb_row vc_row-fluid\"><div class=\"wpb_column vc_column_container vc_col-sm-12\"><div class=\"vc_column-inner\"><div class=\"wpb_wrapper\">\n\t\t\t\t<p class=\"rs-p-wp-fix\"><\/p>\n\t\t\t\t<sr7-module data-alias=\"slider-1\" data-id=\"95\" id=\"SR7_95_1\" class=\"rs-ov-hidden\" data-version=\"6.7.50\">\n\t\t\t\t\t<sr7-adjuster><\/sr7-adjuster>\n\t\t\t\t\t<sr7-content>\n\t\t\t\t\t\t<sr7-slide id=\"SR7_95_1-158\" data-key=\"158\">\n\t\t\t\t\t\t\t<sr7-bg id=\"SR7_95_1-158-5\" class=\"sr7-layer\"><noscript><img decoding=\"async\" src=\"https:\/\/www.nativitypilgrimage.com\/wp-content\/uploads\/2025\/06\/Hero-Image-La-Sagrada-2.png\" alt=\"\" title=\"\"><\/noscript><\/sr7-bg>\n\t\t\t\t\t\t\t<sr7-txt id=\"SR7_95_1-158-2\" class=\"sr7-layer\">PCM PILGRIMAGE TO<\/sr7-txt>\n\t\t\t\t\t\t\t<sr7-txt id=\"SR7_95_1-158-3\" class=\"sr7-layer\">Spain & Portugal<\/sr7-txt>\n\t\t\t\t\t\t\t<sr7-txt id=\"SR7_95_1-158-4\" class=\"sr7-layer\">WITH PATRICK COFFIN<\/sr7-txt>\n\t\t\t\t\t\t<\/sr7-slide>\n\t\t\t\t\t\t<sr7-slide id=\"SR7_95_1-159\" data-key=\"159\">\n\t\t\t\t\t\t\t<sr7-bg id=\"SR7_95_1-159-5\" class=\"sr7-layer\"><noscript><img decoding=\"async\" src=\"https:\/\/www.nativitypilgrimage.com\/wp-content\/uploads\/2025\/06\/Hero-Image-La-Sagrada-1.png\" alt=\"\" title=\"\"><\/noscript><\/sr7-bg>\n\t\t\t\t\t\t\t<sr7-txt id=\"SR7_95_1-159-2\" class=\"sr7-layer\">PCM PILGRIMAGE TO<\/sr7-txt>\n\t\t\t\t\t\t\t<sr7-txt id=\"SR7_95_1-159-3\" class=\"sr7-layer\">Spain & Portugal<\/sr7-txt>\n\t\t\t\t\t\t\t<sr7-txt id=\"SR7_95_1-159-4\" class=\"sr7-layer\">WITH PATRICK COFFIN<\/sr7-txt>\n\t\t\t\t\t\t<\/sr7-slide>\n\t\t\t\t\t\t<sr7-slide id=\"SR7_95_1-161\" data-key=\"161\">\n\t\t\t\t\t\t\t<sr7-bg id=\"SR7_95_1-161-5\" class=\"sr7-layer\"><noscript><img decoding=\"async\" src=\"https:\/\/www.nativitypilgrimage.com\/wp-content\/uploads\/2025\/06\/Hero-Image-Fatima.png\" alt=\"\" title=\"\"><\/noscript><\/sr7-bg>\n\t\t\t\t\t\t\t<sr7-txt id=\"SR7_95_1-161-2\" class=\"sr7-layer\">PCM PILGRIMAGE TO<\/sr7-txt>\n\t\t\t\t\t\t\t<sr7-txt id=\"SR7_95_1-161-3\" class=\"sr7-layer\">Spain & Portugal<\/sr7-txt>\n\t\t\t\t\t\t\t<sr7-txt id=\"SR7_95_1-161-4\" class=\"sr7-layer\">WITH PATRICK COFFIN<\/sr7-txt>\n\t\t\t\t\t\t<\/sr7-slide>\n\t\t\t\t\t\t<sr7-slide id=\"SR7_95_1-162\" data-key=\"162\">\n\t\t\t\t\t\t\t<sr7-bg id=\"SR7_95_1-162-5\" class=\"sr7-layer\"><noscript><img decoding=\"async\" src=\"https:\/\/www.nativitypilgrimage.com\/wp-content\/uploads\/2025\/06\/Hero-Image-Zaragoza.png\" alt=\"\" title=\"Our Lady of the Pilar, Zaragoza, Spain\"><\/noscript><\/sr7-bg>\n\t\t\t\t\t\t\t<sr7-txt id=\"SR7_95_1-162-2\" class=\"sr7-layer\">PCM PILGRIMAGE TO<\/sr7-txt>\n\t\t\t\t\t\t\t<sr7-txt id=\"SR7_95_1-162-3\" class=\"sr7-layer\">Spain & Portugal<\/sr7-txt>\n\t\t\t\t\t\t\t<sr7-txt id=\"SR7_95_1-162-4\" class=\"sr7-layer\">WITH PATRICK COFFIN<\/sr7-txt>\n\t\t\t\t\t\t<\/sr7-slide>\n\t\t\t\t\t\t<sr7-slide id=\"SR7_95_1-160\" data-key=\"160\">\n\t\t\t\t\t\t<\/sr7-slide>\n\t\t\t\t\t<\/sr7-content>\n\t\t\t\t\t<image_lists style=\"display:none\">\n\t\t\t\t\t\t<img data-src=\"\/\/www.nativitypilgrimage.com\/wp-content\/uploads\/2025\/06\/Patrick-Transparent.png\" data-libid=\"72902\" data-lib=\"medialibrary\" title=\"Patrick (Transparent)\" width=\"0\" height=\"0\" data-dbsrc=\"Ly93d3cubmF0aXZpdHlwaWxncmltYWdlLmNvbS93cC1jb250ZW50L3VwbG9hZHMvMjAyNS8wNi9QYXRyaWNrLVRyYW5zcGFyZW50LnBuZw==\"\/>\n\t\t\t\t\t\t<img data-src=\"\/\/www.nativitypilgrimage.com\/wp-content\/uploads\/2025\/06\/Hero-Image-La-Sagrada-2.png\" data-libid=\"72900\" data-lib=\"medialibrary\" width=\"0\" height=\"0\" data-dbsrc=\"Ly93d3cubmF0aXZpdHlwaWxncmltYWdlLmNvbS93cC1jb250ZW50L3VwbG9hZHMvMjAyNS8wNi9IZXJvLUltYWdlLUxhLVNhZ3JhZGEtMi5wbmc=\"\/>\n\t\t\t\t\t\t<img data-src=\"\/\/www.nativitypilgrimage.com\/wp-content\/uploads\/2025\/06\/Hero-Image-La-Sagrada-1.png\" data-libid=\"72899\" data-lib=\"medialibrary\" width=\"0\" height=\"0\" data-dbsrc=\"Ly93d3cubmF0aXZpdHlwaWxncmltYWdlLmNvbS93cC1jb250ZW50L3VwbG9hZHMvMjAyNS8wNi9IZXJvLUltYWdlLUxhLVNhZ3JhZGEtMS5wbmc=\"\/>\n\t\t\t\t\t\t<img data-src=\"\/\/www.nativitypilgrimage.com\/wp-content\/uploads\/2025\/06\/Hero-Image-Fatima.png\" data-libid=\"72898\" data-lib=\"medialibrary\" width=\"0\" height=\"0\" data-dbsrc=\"Ly93d3cubmF0aXZpdHlwaWxncmltYWdlLmNvbS93cC1jb250ZW50L3VwbG9hZHMvMjAyNS8wNi9IZXJvLUltYWdlLUZhdGltYS5wbmc=\"\/>\n\t\t\t\t\t\t<img data-src=\"\/\/www.nativitypilgrimage.com\/wp-content\/uploads\/2025\/06\/Hero-Image-Zaragoza.png\" data-libid=\"72901\" data-lib=\"medialibrary\" title=\"Our Lady of the Pilar, Zaragoza, Spain\" width=\"0\" height=\"0\" data-dbsrc=\"Ly93d3cubmF0aXZpdHlwaWxncmltYWdlLmNvbS93cC1jb250ZW50L3VwbG9hZHMvMjAyNS8wNi9IZXJvLUltYWdlLVphcmFnb3phLnBuZw==\"\/>\n\t\t\t\t\t<\/image_lists>\n\t\t\t\t<\/sr7-module>\n\t\t\t\t<script>\n\t\t\t\t\twindow.SR7 ??={};SR7.PMH ??={}; SR7.PMH[\"SR7_95_1\"] = {cn:100,state:false,fn: function() { if (_tpt!==undefined && _tpt.prepareModuleHeight !== undefined) {  _tpt.prepareModuleHeight({id:\"SR7_95_1\",el:[900,900,900,900,720],type:'standard',shdw:'0',gh:[900,900,900,900,720],gw:[1240,1240,1240,1240,480],vpt:['-100px&#039;,&#039;-100px&#039;,&#039;-100px&#039;,&#039;-100px&#039;,&#039;-100px'],size:{fullWidth:true, fullHeight:false},mh:'0',onh:0,onw:0,bg:{color:'{\"orig\":\"transparent\",\"type\":\"solid\",\"string\":\"transparent\"}'}});   SR7.PMH[\"SR7_95_1\"].state=true;} else if(SR7.PMH[\"SR7_95_1\"].cn-->0)\tsetTimeout( SR7.PMH[\"SR7_95_1\"].fn,19);}};SR7.PMH[\"SR7_95_1\" ].fn();\n\t\t\t\t<\/script>\n<\/div><\/div><\/div><\/div><div class=\"vc_row-full-width vc_clearfix\"><\/div><\/section><section class=\"vc_section vc_custom_1751307001923 vc_section-has-fill\"><div class=\"vc_row wpb_row vc_row-fluid vc_custom_1751301653084 vc_row-has-fill\"><div class=\"wpb_column vc_column_container vc_col-sm-6\"><div class=\"vc_column-inner\"><div class=\"wpb_wrapper\"><div id=\"ultimate-heading-736069e04b3ba373b\" class=\"uvc-heading ult-adjust-bottom-margin ultimate-heading-736069e04b3ba373b uvc-1684  uvc-heading-default-font-sizes\" data-hspacer=\"no_spacer\"  data-halign=\"left\" style=\"text-align:left\"><div class=\"uvc-heading-spacer no_spacer\" style=\"top\"><\/div><div class=\"uvc-main-heading ult-responsive\"  data-ultimate-target='.uvc-heading.ultimate-heading-736069e04b3ba373b h1'  data-responsive-json-new='{\"font-size\":\"\",\"line-height\":\"\"}' ><h1 style=\"font-weight:bold;margin-top:10%;margin-bottom:10%;\">Spain &amp; Portugal 2025<\/h1><\/div><div class=\"uvc-sub-heading ult-responsive\"  data-ultimate-target='.uvc-heading.ultimate-heading-736069e04b3ba373b .uvc-sub-heading '  data-responsive-json-new='{\"font-size\":\"\",\"line-height\":\"\"}'  style=\"font-weight:normal;\"><\/p>\n<h3 style=\"text-align: left;\">Join Patrick Coffin on this incredible pilgrimage through Spain and Portugal. Celebrate the anniversary of the Miracle of the Sun in Fatima, witness the beauty of the La Sagrada Familia in Barcelona, visit Our Lady of the Pilar in Zaragoza, walk through the streets of Madrid, Lisbon, Avila, and much more! Don&#8217;t miss your opportunity to join this extraordinary 14-day journey. But hurry!&nbsp; Space is limited.&nbsp; Reserve your spot today!<\/h3>\n<p><\/div><\/div><\/div><\/div><\/div><div class=\"wpb_column vc_column_container vc_col-sm-6\"><div class=\"vc_column-inner\"><div class=\"wpb_wrapper\"><div id=\"ultimate-video-932769e04b3ba3b19\" class=\"ult-video  ult-adjust-bottom-margin ultimate-video-932769e04b3ba3b19 ultv-9814 \"><div class=\"ultv-video ultv-aspect-ratio-16_9 ultv-subscribe-responsive-none\" data-videotype=\"uv_iframe\">\n\t\t\t\t\t\t<div class=\"ultv-video__outer-wrap\" data-autoplay=\"1\" data-device=\"false\"  data-iconbg=\"#3A3A3A\" data-overcolor=\"#A693C7AB\" data-defaultbg=\"#1f1f1e\" data-defaultplay=\"defaulticon\"><div class=\"ultv-video__play\" data-src=\"https:\/\/www.youtube.com\/embed\/\/sfKEQN9EXyY?autoplay=1&#038;rel=0&#038;start&#038;end&#038;controls=1&#038;mute=0&#038;modestbranding=0&#038;autoplay=1\">\n\t\t\t\t\t\t\t\t<img decoding=\"async\" class=\"ultv-video__thumb\" src=\"https:\/\/www.nativitypilgrimage.com\/wp-content\/uploads\/2025\/06\/YouTube-Thumbnail.png\"\/>\n\t\t\t\t\t\t\t\t<div class=\"ultv-video__play-icon  ultv-animation-none\" style=\"width:75px\"><svg height=\"100%\" version=\"1.1\" viewBox=\"0 0 68 48\" width=\"100%\"><path class=\"ultv-youtube-icon-bg\" d=\"m .66,37.62 c 0,0 .66,4.70 2.70,6.77 2.58,2.71 5.98,2.63 7.49,2.91 5.43,.52 23.10,.68 23.12,.68 .00,-1.3e-5 14.29,-0.02 23.81,-0.71 1.32,-0.15 4.22,-0.17 6.81,-2.89 2.03,-2.07 2.70,-6.77 2.70,-6.77 0,0 .67,-5.52 .67,-11.04 l 0,-5.17 c 0,-5.52 -0.67,-11.04 -0.67,-11.04 0,0 -0.66,-4.70 -2.70,-6.77 C 62.03,.86 59.13,.84 57.80,.69 48.28,0 34.00,0 34.00,0 33.97,0 19.69,0 10.18,.69 8.85,.84 5.95,.86 3.36,3.58 1.32,5.65 .66,10.35 .66,10.35 c 0,0 -0.55,4.50 -0.66,9.45 l 0,8.36 c .10,4.94 .66,9.45 .66,9.45 z\" fill=\"#1f1f1e\" ><\/path><path d=\"m 26.96,13.67 18.37,9.62 -18.37,9.55 -0.00,-19.17 z\" fill=\"#fff\"><\/path><path d=\"M 45.02,23.46 45.32,23.28 26.96,13.67 43.32,22.34 45.02,23.46 z\" fill=\"#ccc\"><\/path><\/svg><\/div> <\/div> <\/div><\/div><\/div><\/div><\/div><\/div><\/div><\/section><section class=\"vc_section\"><div class=\"stripe stripe-style-4\" style=\"background-color: #28255C;background-position: top;background-repeat: no-repeat;background-attachment: scroll;background-size: auto;padding-top: 0px;padding-bottom: 0px;margin-top: 0px;margin-bottom: 0px\"><div class=\"vc_row wpb_row vc_row-fluid\" style=\"\"><div class=\"wpb_column vc_column_container vc_col-sm-4\"><div class=\"vc_column-inner\"><div class=\"wpb_wrapper\">\n\t<div class=\"wpb_text_column wpb_content_element \" >\n\t\t<div class=\"wpb_wrapper\">\n\t\t\t<h3 style=\"text-align: center;\"><span style=\"color: #ffffff;\"><strong>Travel Dates: <\/strong><\/span><\/h3>\n<h4 style=\"text-align: center; color: #ffffff; line-height: 1.0;\">October 10 &#8211; 23, 2025<\/h4>\n<h4 style=\"text-align: center; color: #ffffff; line-height: 1.0;\">14-Day Pilgrimage<\/h4>\n\n\t\t<\/div>\n\t<\/div>\n<\/div><\/div><\/div><div class=\"wpb_column vc_column_container vc_col-sm-4\"><div class=\"vc_column-inner\"><div class=\"wpb_wrapper\">\n\t<div class=\"wpb_text_column wpb_content_element \" >\n\t\t<div class=\"wpb_wrapper\">\n\t\t\t<h3 style=\"text-align: center;\"><span style=\"color: #ffffff;\"><strong>Tour Cost: <\/strong><\/span><\/h3>\n<h4 style=\"text-align: center; color: #ffffff; line-height: 1.0;\">$4,799 per person<\/h4>\n<h4 style=\"text-align: center; color: #ffffff; line-height: 1.0;\">Land Only (you book your own air)<\/h4>\n\n\t\t<\/div>\n\t<\/div>\n<\/div><\/div><\/div><div class=\"wpb_column vc_column_container vc_col-sm-4\"><div class=\"vc_column-inner\"><div class=\"wpb_wrapper\">\n\t<div class=\"wpb_text_column wpb_content_element \" >\n\t\t<div class=\"wpb_wrapper\">\n\t\t\t<h3 style=\"text-align: center;\"><span style=\"color: #ffffff;\"><strong>Highlights: <\/strong><\/span><\/h3>\n<h4 style=\"text-align: center; color: #ffffff; line-height: 1.0;\">Lisbon, Fatima, Zaragoza, Barcelona,<\/h4>\n<h4 style=\"text-align: center; color: #ffffff; line-height: 1.0;\">Avila, Madrid, &amp; much more!<\/h4>\n\n\t\t<\/div>\n\t<\/div>\n<\/div><\/div><\/div><\/div><\/div><div class=\"vc_row wpb_row vc_row-fluid dt-default\" style=\"margin-top: 0px;margin-bottom: 0px\"><div class=\"wpb_column vc_column_container vc_col-sm-12\"><div class=\"vc_column-inner\"><div class=\"wpb_wrapper\"><div class=\"vc_empty_space\"   style=\"height: 100px\"><span class=\"vc_empty_space_inner\"><\/span><\/div><\/div><\/div><\/div><\/div><\/section><div data-vc-full-width=\"true\" data-vc-full-width-temp=\"true\" data-vc-full-width-init=\"false\" class=\"vc_row wpb_row vc_row-fluid\"><div class=\"wpb_column vc_column_container vc_col-sm-12\"><div class=\"vc_column-inner\"><div class=\"wpb_wrapper\">\n\t<div class=\"wpb_raw_code wpb_raw_html wpb_content_element\" >\n\t\t<div class=\"wpb_wrapper\">\n\t\t\t<!DOCTYPE html>\n<html>\n<body>\n\n<h1>Book This Trip!<\/h1>\n\n<iframe loading=\"lazy\" src=\"https:\/\/app.nativitypilgrimage.com\/trip\/?trip=05040\" width=\"1920\" height=\"1080\"title=\"Book This Trip!\">\n<\/iframe>\n\n<\/body>\n<\/html>\n\t\t<\/div>\n\t<\/div>\n<\/div><\/div><\/div><\/div><div class=\"vc_row-full-width vc_clearfix\"><\/div>\n<\/div>","protected":false},"excerpt":{"rendered":"<p>Espa\u00f1a y Portugal 2025 \u00danete a Patrick Coffin en esta incre\u00edble peregrinaci\u00f3n por Espa\u00f1a y Portugal. Celebra el aniversario del Milagro del Sol en F\u00e1tima, presencia la belleza de la Sagrada Familia en Barcelona, visita a Nuestra Se\u00f1ora del Pilar en Zaragoza, recorre las calles de Madrid, Lisboa, \u00c1vila, \u00a1y mucho m\u00e1s!...<\/p>","protected":false},"author":8,"featured_media":0,"parent":0,"menu_order":0,"comment_status":"closed","ping_status":"closed","template":"","meta":{"footnotes":""},"class_list":["post-72922","page","type-page","status-publish","hentry","description-off"],"_links":{"self":[{"href":"https:\/\/www.nativitypilgrimage.com\/es\/wp-json\/wp\/v2\/pages\/72922","targetHints":{"allow":["GET"]}}],"collection":[{"href":"https:\/\/www.nativitypilgrimage.com\/es\/wp-json\/wp\/v2\/pages"}],"about":[{"href":"https:\/\/www.nativitypilgrimage.com\/es\/wp-json\/wp\/v2\/types\/page"}],"author":[{"embeddable":true,"href":"https:\/\/www.nativitypilgrimage.com\/es\/wp-json\/wp\/v2\/users\/8"}],"replies":[{"embeddable":true,"href":"https:\/\/www.nativitypilgrimage.com\/es\/wp-json\/wp\/v2\/comments?post=72922"}],"version-history":[{"count":0,"href":"https:\/\/www.nativitypilgrimage.com\/es\/wp-json\/wp\/v2\/pages\/72922\/revisions"}],"wp:attachment":[{"href":"https:\/\/www.nativitypilgrimage.com\/es\/wp-json\/wp\/v2\/media?parent=72922"}],"curies":[{"name":"wp","href":"https:\/\/api.w.org\/{rel}","templated":true}]}}