{"id":72852,"date":"2025-06-05T22:29:30","date_gmt":"2025-06-05T22:29:30","guid":{"rendered":"https:\/\/www.nativitypilgrimage.com\/?page_id=72852"},"modified":"2025-06-06T14:35:50","modified_gmt":"2025-06-06T14:35:50","slug":"careers","status":"publish","type":"page","link":"https:\/\/www.nativitypilgrimage.com\/es\/careers\/","title":{"rendered":"Ofertas de empleo"},"content":{"rendered":"<div class=\"wpb-content-wrapper\"><div data-vc-full-width=\"true\" data-vc-full-width-temp=\"true\" data-vc-full-width-init=\"false\" class=\"vc_row wpb_row vc_row-fluid vc_row-o-full-height vc_row-o-columns-stretch vc_row-o-equal-height vc_row-flex\"><div class=\"wpb_column vc_column_container vc_col-sm-12 vc_col-lg-offset-0 vc_col-lg-12 vc_col-md-offset-0 vc_col-md-12 vc_col-sm-offset-0 vc_col-xs-12\"><div class=\"vc_column-inner\"><div class=\"wpb_wrapper\"><div class=\"vc_empty_space\"   style=\"height: 25px\"><span class=\"vc_empty_space_inner\"><\/span><\/div><\/div><\/div><\/div><\/div><div class=\"vc_row-full-width vc_clearfix\"><\/div><!-- Row Backgrounds --><div class=\"upb_bg_img\" data-ultimate-bg=\"url(https:\/\/www.nativitypilgrimage.com\/wp-content\/uploads\/2025\/06\/Job-Opening-Banner.png)\" data-image-id=\"id^72861|url^https:\/\/www.nativitypilgrimage.com\/wp-content\/uploads\/2025\/06\/Job-Opening-Banner.png|caption^We&#039;re hiring!|alt^Job Opening|title^Job Opening|description^null\" data-ultimate-bg-style=\"vcpb-default\" data-bg-img-repeat=\"no-repeat\" data-bg-img-size=\"contain\" data-bg-img-position=\"\" data-parallx_sense=\"30\" data-bg-override=\"0\" data-bg_img_attach=\"fixed\" data-upb-overlay-color=\"\" data-upb-bg-animation=\"\" data-fadeout=\"\" data-bg-animation=\"left-animation\" data-bg-animation-type=\"h\" data-animation-repeat=\"repeat\" data-fadeout-percentage=\"30\" data-parallax-content=\"\" data-parallax-content-sense=\"30\" data-row-effect-mobile-disable=\"true\" data-img-parallax-mobile-disable=\"true\" data-rtl=\"false\"  data-custom-vc-row=\"\"  data-vc=\"8.7.2\"  data-is_old_vc=\"\"  data-theme-support=\"\"   data-overlay=\"false\" data-overlay-color=\"\" data-overlay-pattern=\"\" data-overlay-pattern-opacity=\"\" data-overlay-pattern-size=\"\"    ><\/div><div class=\"vc_row wpb_row vc_row-fluid vc_column-gap-20 vc_row-o-equal-height vc_row-flex\"><div class=\"wpb_column vc_column_container vc_col-sm-12\"><div class=\"vc_column-inner vc_custom_1707269235630\"><div class=\"wpb_wrapper\"><div class=\"vc_empty_space\"   style=\"height: 25px\"><span class=\"vc_empty_space_inner\"><\/span><\/div><div id=\"ultimate-heading-848269e04b5117280\" class=\"uvc-heading ult-adjust-bottom-margin ultimate-heading-848269e04b5117280 uvc-8159  uvc-heading-default-font-sizes\" data-hspacer=\"no_spacer\"  data-halign=\"left\" style=\"text-align:left\"><div class=\"uvc-heading-spacer no_spacer\" style=\"top\"><\/div><div class=\"uvc-main-heading ult-responsive\"  data-ultimate-target='.uvc-heading.ultimate-heading-848269e04b5117280 h2'  data-responsive-json-new='{\"font-size\":\"\",\"line-height\":\"\"}' ><h2 style=\"--font-weight:theme;\">Posici\u00f3n abierta<\/h2><\/div><\/div><div class=\"vc_empty_space\"   style=\"height: 25px\"><span class=\"vc_empty_space_inner\"><\/span><\/div><div class=\"vc_row wpb_row vc_inner vc_row-fluid\"><div class=\"wpb_column vc_column_container vc_col-sm-12\"><div class=\"vc_column-inner\"><div class=\"wpb_wrapper\">\n\t<div class=\"wpb_text_column wpb_content_element\" >\n\t\t<div class=\"wpb_wrapper\">\n\t\t\t<p><strong>Puesto<\/strong>: Coordinador de operaciones - Viajes religiosos<br \/>\n<strong>Ubicaci\u00f3n<\/strong>: Houston, TX<br \/>\n<strong>Tipo de empleo<\/strong>: A tiempo completo<br \/>\n<strong>Empresa<\/strong>: Peregrinaci\u00f3n a la Natividad<\/p>\n<p><strong>Sobre nosotros:<\/strong><br \/>\nNativity Pilgrimage es una empresa de viajes impulsada por la misi\u00f3n y especializada en peregrinaciones basadas en la fe que inspiran crecimiento espiritual, comunidad y experiencias inolvidables. Buscamos un Coordinador de Operaciones orientado al detalle y entusiasta para unirse a nuestro dedicado equipo en Houston, TX. Si te apasionan los viajes, disfrutas ayudando a los dem\u00e1s y prosperas en un entorno colaborativo y lleno de prop\u00f3sitos, nos encantar\u00eda conocerte.<\/p>\n<p><strong>Resumen del puesto:<\/strong><br \/>\nComo Coordinador de Operaciones, desempe\u00f1ar\u00e1s un papel vital para garantizar una experiencia positiva y sin problemas a nuestros peregrinos. Trabajando en estrecha colaboraci\u00f3n con los Gestores de Cuentas, los Coordinadores de Viajes y los Directores Espirituales, prestar\u00e1s atenci\u00f3n al cliente, procesar\u00e1s los pagos y ayudar\u00e1s a gestionar las cuentas de los viajeros. Se trata de una gran oportunidad para alguien a quien le guste formar parte de una organizaci\u00f3n centrada en la misi\u00f3n, le encante organizarse y tenga un enfoque c\u00e1lido y profesional del servicio al cliente.<\/p>\n<p><strong>Responsabilidades clave:<\/strong><\/p>\n<ul>\n<li>Servir de punto de contacto para los viajeros, respondiendo a las consultas por tel\u00e9fono y correo electr\u00f3nico<\/li>\n<li>Procesar los pagos y garantizar la exactitud de los registros de cuentas de viajeros en el CRM<\/li>\n<li>Realiza y documenta cambios en los itinerarios de los viajeros y en la informaci\u00f3n personal<\/li>\n<li>Comunicarse regularmente con los Coordinadores de Viaje y los Directores Espirituales<\/li>\n<li>Apoya a los gestores de cuentas con la log\u00edstica y las actualizaciones de los viajeros<\/li>\n<li>Ofrecer un servicio de atenci\u00f3n al cliente r\u00e1pido, amable y organizado durante todo el proceso de planificaci\u00f3n de la peregrinaci\u00f3n<\/li>\n<\/ul>\n<p>&nbsp;<\/p>\n<p><strong>Cualificaciones:<\/strong><\/p>\n<ul>\n<li>Preferiblemente licenciatura; se valorar\u00e1 experiencia profesional equivalente<\/li>\n<li>Gran capacidad de comunicaci\u00f3n y escucha activa<\/li>\n<li>Orientado al detalle y con excelente capacidad de organizaci\u00f3n<\/li>\n<li>Dominio intermedio de Microsoft Office y sistemas CRM<\/li>\n<li>Capacidad de adaptaci\u00f3n y de resoluci\u00f3n de problemas en un entorno de ritmo r\u00e1pido<\/li>\n<li>Conocimientos b\u00e1sicos de procesamiento de pagos y contabilidad b\u00e1sica<\/li>\n<li>Actitud positiva y entusiasmo por ayudar a los dem\u00e1s, \u00a1especialmente cuando se habla de viajes!<\/li>\n<\/ul>\n<p style=\"font-weight: 400;\"><strong>Cualidades preferidas:<\/strong><\/p>\n<ul>\n<li style=\"font-weight: 400;\">Experiencia en el sector de los viajes o de la atenci\u00f3n al cliente<\/li>\n<li style=\"font-weight: 400;\">Familiaridad con misiones u organizaciones religiosas<\/li>\n<li style=\"font-weight: 400;\">Un jugador de equipo con una mentalidad proactiva y voluntad de aprender<\/li>\n<\/ul>\n<p><strong>Qu\u00e9 ofrecemos:<\/strong><\/p>\n<ul>\n<li>Un entorno de equipo solidario y orientado a la misi\u00f3n<\/li>\n<li>Oportunidades para crecer dentro de una empresa de viajes basada en la fe<\/li>\n<li>La oportunidad de participar en la creaci\u00f3n de experiencias de peregrinaci\u00f3n significativas<\/li>\n<li>Compensaci\u00f3n competitiva<\/li>\n<\/ul>\n<p><strong>Para solicitarlo:<\/strong><br \/>\nEnv\u00eda tu curr\u00edculum y una breve carta de presentaci\u00f3n explicando por qu\u00e9 te entusiasma esta oportunidad a <a href=\"mailto:info@nativitypilgrimage.com\">info@nativitypilgrimage.com<\/a><\/p>\n\n\t\t<\/div>\n\t<\/div>\n<div class=\"vc_empty_space\"   style=\"height: 100px\"><span class=\"vc_empty_space_inner\"><\/span><\/div><\/div><\/div><\/div><\/div><\/div><\/div><\/div><\/div><section class=\"vc_section\"><\/section>\n<\/div>","protected":false},"excerpt":{"rendered":"<p>Puesto vacante T\u00edtulo del puesto: Coordinador de Operaciones - Viajes Basados en la Fe Ubicaci\u00f3n: Houston, TX Tipo de empleo: Tiempo Completo Empresa: Nativity Pilgrimage Sobre Nosotros: Nativity Pilgrimage es una empresa de viajes impulsada por la misi\u00f3n y especializada en peregrinaciones basadas en la fe que inspiran crecimiento espiritual, comunidad y experiencias inolvidables. Buscamos un Coordinador de Operaciones detallista y entusiasta para unirse a nuestro dedicado equipo en Houston,...<\/p>","protected":false},"author":8,"featured_media":0,"parent":0,"menu_order":10,"comment_status":"closed","ping_status":"closed","template":"template-microsite.php","meta":{"footnotes":""},"class_list":["post-72852","page","type-page","status-publish","hentry","description-off"],"_links":{"self":[{"href":"https:\/\/www.nativitypilgrimage.com\/es\/wp-json\/wp\/v2\/pages\/72852","targetHints":{"allow":["GET"]}}],"collection":[{"href":"https:\/\/www.nativitypilgrimage.com\/es\/wp-json\/wp\/v2\/pages"}],"about":[{"href":"https:\/\/www.nativitypilgrimage.com\/es\/wp-json\/wp\/v2\/types\/page"}],"author":[{"embeddable":true,"href":"https:\/\/www.nativitypilgrimage.com\/es\/wp-json\/wp\/v2\/users\/8"}],"replies":[{"embeddable":true,"href":"https:\/\/www.nativitypilgrimage.com\/es\/wp-json\/wp\/v2\/comments?post=72852"}],"version-history":[{"count":0,"href":"https:\/\/www.nativitypilgrimage.com\/es\/wp-json\/wp\/v2\/pages\/72852\/revisions"}],"wp:attachment":[{"href":"https:\/\/www.nativitypilgrimage.com\/es\/wp-json\/wp\/v2\/media?parent=72852"}],"curies":[{"name":"wp","href":"https:\/\/api.w.org\/{rel}","templated":true}]}}