{"id":71417,"date":"2024-12-06T19:04:16","date_gmt":"2024-12-06T19:04:16","guid":{"rendered":"https:\/\/www.nativitypilgrimage.com\/?page_id=71417"},"modified":"2024-12-09T17:47:59","modified_gmt":"2024-12-09T17:47:59","slug":"sitemap","status":"publish","type":"page","link":"https:\/\/www.nativitypilgrimage.com\/es\/sitemap\/","title":{"rendered":"Romer\u00eda de la Natividad - Mapa del sitio"},"content":{"rendered":"<div class=\"wpb-content-wrapper\"><div class=\"vc_row wpb_row vc_row-fluid dt-default\" style=\"margin-top: 0px;margin-bottom: 0px\"><div class=\"wpb_column vc_column_container vc_col-sm-12\"><div class=\"vc_column-inner\"><div class=\"wpb_wrapper\"><div class=\"vc_empty_space\"   style=\"height: 32px\"><span class=\"vc_empty_space_inner\"><\/span><\/div>\n\t<div class=\"wpb_text_column wpb_content_element\" >\n\t\t<div class=\"wpb_wrapper\">\n\t\t\t<h2 style=\"text-align: center;\">Mapa del sitio de la peregrinaci\u00f3n a la Natividad<\/h2>\n\n\t\t<\/div>\n\t<\/div>\n<\/div><\/div><\/div><\/div><div class=\"vc_row wpb_row vc_row-fluid dt-default\" style=\"margin-top: 0px;margin-bottom: 0px\"><div class=\"wpb_column vc_column_container vc_col-sm-12\"><div class=\"vc_column-inner\"><div class=\"wpb_wrapper\"><div class=\"vc_empty_space\"   style=\"height: 32px\"><span class=\"vc_empty_space_inner\"><\/span><\/div>\n\t<div class=\"wpb_text_column wpb_content_element\" >\n\t\t<div class=\"wpb_wrapper\">\n\t\t\t<p style=\"text-align: center;\">Este mapa del sitio enumera las p\u00e1ginas clave para <strong>Peregrinaci\u00f3n a la Natividad<\/strong>, dise\u00f1ado para facilitar el acceso de los peregrinos a recursos, gu\u00edas de preparaci\u00f3n e informaci\u00f3n.<\/p>\n\n\t\t<\/div>\n\t<\/div>\n<\/div><\/div><\/div><\/div><div class=\"vc_row wpb_row vc_row-fluid dt-default\" style=\"margin-top: 0px;margin-bottom: 0px\"><div class=\"wpb_column vc_column_container vc_col-sm-3\"><div class=\"vc_column-inner\"><div class=\"wpb_wrapper\">\n\t<div class=\"wpb_text_column wpb_content_element\" >\n\t\t<div class=\"wpb_wrapper\">\n\t\t\t<h3>Principal<\/h3>\n<p><a href=\"https:\/\/www.nativitypilgrimage.com\/\">Inicio<\/a><\/p>\n<p><a href=\"https:\/\/www.nativitypilgrimage.com\/about\/\">Qui\u00e9nes somos<\/a><\/p>\n<p><a href=\"https:\/\/www.nativitypilgrimage.com\/terms-conditions\/\">T\u00e9rminos y condiciones<\/a><\/p>\n<p><a href=\"https:\/\/www.nativitypilgrimage.com\/nativity-pilgrimage-magazine-2\/\">Revista de Peregrinaci\u00f3n de la Natividad<\/a><\/p>\n<p><a href=\"https:\/\/www.nativitypilgrimage.com\/pilgrimage-leader-guide\/\">Gu\u00eda del peregrino<\/a><\/p>\n<p><a href=\"https:\/\/www.nativitypilgrimage.com\/testimonies\/\">Testimonios<\/a><\/p>\n<p><a href=\"https:\/\/www.nativitypilgrimage.com\/nativity-cares\/\">Natividad Cuida<\/a><\/p>\n\n\t\t<\/div>\n\t<\/div>\n\n\t<div class=\"wpb_text_column wpb_content_element\" >\n\t\t<div class=\"wpb_wrapper\">\n\t\t\t<h3>Ayuda y soporte<\/h3>\n<p><a href=\"https:\/\/www.nativitypilgrimage.com\/contact-us\/\">Contacta con nosotros<\/a><\/p>\n\n\t\t<\/div>\n\t<\/div>\n<\/div><\/div><\/div><div class=\"wpb_column vc_column_container vc_col-sm-3\"><div class=\"vc_column-inner\"><div class=\"wpb_wrapper\">\n\t<div class=\"wpb_text_column wpb_content_element\" >\n\t\t<div class=\"wpb_wrapper\">\n\t\t\t<h3>Destinos espirituales<\/h3>\n<p><a href=\"https:\/\/www.nativitypilgrimage.com\/spiritual-destinations\/holy-land\/\">Tierra Santa<\/a><\/p>\n<p><a href=\"https:\/\/www.nativitypilgrimage.com\/spiritual-destinations\/italy\/\">Italia<\/a><\/p>\n<p><a href=\"https:\/\/www.nativitypilgrimage.com\/spiritual-destinations\/marian-shrines\/\">Santuarios marianos<\/a><\/p>\n<p><a href=\"https:\/\/www.nativitypilgrimage.com\/spiritual-destinations\/greece-turkey\/\">Grecia<\/a><\/p>\n<p><a href=\"https:\/\/www.nativitypilgrimage.com\/spiritual-destinations\/france\/\">Francia<\/a><\/p>\n<p><a href=\"https:\/\/www.nativitypilgrimage.com\/spiritual-destinations\/mexico\/\">M\u00e9xico<\/a><\/p>\n<p><a href=\"https:\/\/www.nativitypilgrimage.com\/spiritual-destinations\/eastern-europe\/\">Europa del Este<\/a><\/p>\n<p><a href=\"https:\/\/www.nativitypilgrimage.com\/germany\/\">Alemania<\/a><\/p>\n<p><a href=\"https:\/\/www.nativitypilgrimage.com\/spiritual-destinations\/camino-de-santiago\/\">Camino de Santiago<\/a><\/p>\n<p><a href=\"https:\/\/www.nativitypilgrimage.com\/spiritual-destinations\/ireland\/\">Irlanda<\/a><\/p>\n<p><a href=\"https:\/\/www.nativitypilgrimage.com\/south-america\/\">Am\u00e9rica del Sur<\/a><\/p>\n<p><a href=\"https:\/\/www.nativitypilgrimage.com\/cruises\/\">Cruceros<\/a><\/p>\n<p><a href=\"https:\/\/www.nativitypilgrimage.com\/danube-river-cruise\/\">Crucero por el Danubio<\/a><\/p>\n<p><a href=\"https:\/\/www.nativitypilgrimage.com\/spiritual-destinations\/usa-canada\/\">EE.UU. y Canad\u00e1<\/a><\/p>\n\n\t\t<\/div>\n\t<\/div>\n<\/div><\/div><\/div><div class=\"wpb_column vc_column_container vc_col-sm-3\"><div class=\"vc_column-inner\"><div class=\"wpb_wrapper\">\n\t<div class=\"wpb_text_column wpb_content_element\" >\n\t\t<div class=\"wpb_wrapper\">\n\t\t\t<h3>Recursos peregrinos<\/h3>\n<p><a href=\"https:\/\/www.nativitypilgrimage.com\/pilgrimage-preparation-guide\/\">Gu\u00eda de preparaci\u00f3n del peregrino<\/a><\/p>\n<p><a href=\"https:\/\/www.nativitypilgrimage.com\/preparation-guide-eastern-europe\/\">Gu\u00eda de preparaci\u00f3n - Europa del Este<\/a><\/p>\n<p><a href=\"https:\/\/www.nativitypilgrimage.com\/preparation-guide-egypt\/\">Gu\u00eda de preparaci\u00f3n - Egipto<\/a><\/p>\n<p><a href=\"https:\/\/www.nativitypilgrimage.com\/preparation-guide-germany\/\">Gu\u00eda de preparaci\u00f3n - Alemania<\/a><\/p>\n<p><a href=\"https:\/\/www.nativitypilgrimage.com\/preparation-guide-greece\/\">Gu\u00eda de preparaci\u00f3n - Grecia<\/a><\/p>\n<p><a href=\"https:\/\/www.nativitypilgrimage.com\/preparation-guide-holy-land\/\">Gu\u00eda de preparaci\u00f3n - Tierra Santa<\/a><\/p>\n<p><a href=\"https:\/\/www.nativitypilgrimage.com\/preparation-guide-ireland\/\">Gu\u00eda de preparaci\u00f3n - Irlanda<\/a><\/p>\n<p><a href=\"https:\/\/www.nativitypilgrimage.com\/preparation-guide-italy\/\">Gu\u00eda de preparaci\u00f3n - Italia<\/a><\/p>\n<p><a href=\"https:\/\/www.nativitypilgrimage.com\/preparation-guide-jordan\/\">Gu\u00eda de preparaci\u00f3n - Jordania<\/a><\/p>\n<p><a href=\"https:\/\/www.nativitypilgrimage.com\/preparation-guide-marian-shrines\/\">Gu\u00eda de preparaci\u00f3n - Santuarios marianos<\/a><\/p>\n<p><a href=\"https:\/\/www.nativitypilgrimage.com\/preparation-guide-mexico\/\">Gu\u00eda de preparaci\u00f3n - M\u00e9xico<\/a><\/p>\n<p><a href=\"https:\/\/www.nativitypilgrimage.com\/preparation-guide-turkey\/\">Gu\u00eda de preparaci\u00f3n - Turqu\u00eda<\/a><\/p>\n\n\t\t<\/div>\n\t<\/div>\n<\/div><\/div><\/div><div class=\"wpb_column vc_column_container vc_col-sm-3\"><div class=\"vc_column-inner\"><div class=\"wpb_wrapper\">\n\t<div class=\"wpb_text_column wpb_content_element\" >\n\t\t<div class=\"wpb_wrapper\">\n\t\t\t<h3>Pr\u00f3ximas visitas<\/h3>\n<p><a href=\"https:\/\/app.nativitypilgrimage.com\/trip\/index.php?ap=c25c46c6778e388278c87db97d55f4e6&amp;p=3351\">Peregrinaci\u00f3n de 10 d\u00edas a Tierra Santa<\/a><\/p>\n<p><a href=\"https:\/\/app.nativitypilgrimage.com\/trip\/index.php?ap=d335c6f1d1de9e919e7c627c5dd30c25&amp;p=3352\">Peregrinaci\u00f3n de 12 d\u00edas a Tierra Santa y Jordania<\/a><\/p>\n<p><a href=\"https:\/\/app.nativitypilgrimage.com\/trip\/index.php?ap=fc9854779e6d21f9e91117f5ce7e9368&amp;p=3361\">Peregrinaci\u00f3n de 11 d\u00edas por Italia (Mil\u00e1n - Roma)<\/a><\/p>\n<p><a href=\"https:\/\/app.nativitypilgrimage.com\/trip\/index.php?ap=d5017308ff637119c13f82116461d614&amp;p=3363\">Peregrinaci\u00f3n de 12 d\u00edas a Italia y Medjugorje<\/a><\/p>\n<p><a href=\"https:\/\/app.nativitypilgrimage.com\/trip\/index.php?ap=1a6776f6dfb6cac5fe8b6cce015b19fe&amp;p=3369\">Peregrinaci\u00f3n de 11 d\u00edas al Santuario Mariano con Barcelona<\/a><\/p>\n<p><a href=\"https:\/\/app.nativitypilgrimage.com\/trip\/index.php?ap=2919e86b251294988e5870bef4370a38&amp;p=3375\">Peregrinaci\u00f3n a M\u00e9xico en 7 d\u00edas<\/a><\/p>\n<p><a href=\"https:\/\/app.nativitypilgrimage.com\/trip\/index.php?ap=cf7260d13195e99e8cdd4446aa2e4d2c&amp;p=4476\">Peregrinaci\u00f3n de 9 d\u00edas a Carlo Acutis (Mil\u00e1n a Roma)<\/a><\/p>\n<p><a href=\"https:\/\/app.nativitypilgrimage.com\/trip\/index.php?ap=be3c3b0d64fa433f8bc0cabe8022f7c3&amp;p=4478\">Peregrinaci\u00f3n de 9 d\u00edas a Carlo Acutis (Roma Orvieto-As\u00eds)<\/a><\/p>\n<p><a href=\"https:\/\/app.nativitypilgrimage.com\/trip\/index.php?ap=8feebc1eeb08db0251a12695a9f27e52&amp;p=4487\">12 - D\u00eda de Peregrinaci\u00f3n a los Santuarios Marianos con Par\u00eds<\/a><\/p>\n<p><a href=\"https:\/\/app.nativitypilgrimage.com\/trip\/index.php?ap=29e4ab93229f8398a6c652db833c1072&amp;p=3354\">Peregrinaci\u00f3n de 13 d\u00edas a Tierra Santa y Egipto<\/a><\/p>\n<p><a href=\"https:\/\/app.nativitypilgrimage.com\/trip\/index.php?ap=c94aa95e940840fc8204712ceddb6473&amp;p=3367\">Peregrinaci\u00f3n de 12 d\u00edas a Grecia y Turqu\u00eda (con crucero)<\/a><\/p>\n<p><a href=\"https:\/\/app.nativitypilgrimage.com\/trip\/index.php?ap=da8fcf54eb2482e1940ade7884569be1&amp;p=3371\">Peregrinaci\u00f3n de 12 d\u00edas a los Santuarios Marianos con Par\u00eds<\/a><\/p>\n\n\t\t<\/div>\n\t<\/div>\n<\/div><\/div><\/div><\/div>\n<\/div>","protected":false},"excerpt":{"rendered":"<p>Mapa del Sitio de la Peregrinaci\u00f3n a la Natividad Este mapa del sitio enumera las p\u00e1ginas clave de la Peregrinaci\u00f3n a la Natividad, dise\u00f1adas para facilitar el acceso a recursos, gu\u00edas de preparaci\u00f3n e informaci\u00f3n para los peregrinos. Inicio Qui\u00e9nes somos T\u00e9rminos y condiciones Revista de la Natividad Peregrina Gu\u00eda para el peregrino Testimonios Nativity Cares Ayuda y soporte Contacto Destinos espirituales Tierra Santa Italia Santuarios marianos Grecia...<\/p>","protected":false},"author":8,"featured_media":0,"parent":0,"menu_order":10,"comment_status":"closed","ping_status":"closed","template":"template-microsite.php","meta":{"footnotes":""},"class_list":["post-71417","page","type-page","status-publish","hentry","description-off"],"_links":{"self":[{"href":"https:\/\/www.nativitypilgrimage.com\/es\/wp-json\/wp\/v2\/pages\/71417","targetHints":{"allow":["GET"]}}],"collection":[{"href":"https:\/\/www.nativitypilgrimage.com\/es\/wp-json\/wp\/v2\/pages"}],"about":[{"href":"https:\/\/www.nativitypilgrimage.com\/es\/wp-json\/wp\/v2\/types\/page"}],"author":[{"embeddable":true,"href":"https:\/\/www.nativitypilgrimage.com\/es\/wp-json\/wp\/v2\/users\/8"}],"replies":[{"embeddable":true,"href":"https:\/\/www.nativitypilgrimage.com\/es\/wp-json\/wp\/v2\/comments?post=71417"}],"version-history":[{"count":0,"href":"https:\/\/www.nativitypilgrimage.com\/es\/wp-json\/wp\/v2\/pages\/71417\/revisions"}],"wp:attachment":[{"href":"https:\/\/www.nativitypilgrimage.com\/es\/wp-json\/wp\/v2\/media?parent=71417"}],"curies":[{"name":"wp","href":"https:\/\/api.w.org\/{rel}","templated":true}]}}