{"id":55582,"date":"2019-05-08T03:33:28","date_gmt":"2019-05-08T03:33:28","guid":{"rendered":"https:\/\/www.nativitypilgrimage.com\/?page_id=55582"},"modified":"2024-12-06T16:06:48","modified_gmt":"2024-12-06T16:06:48","slug":"nativity-cares","status":"publish","type":"page","link":"https:\/\/www.nativitypilgrimage.com\/es\/nativity-cares\/","title":{"rendered":"Natividad Cuida"},"content":{"rendered":"<div class=\"wpb-content-wrapper\"><div class=\"vc_row wpb_row vc_row-fluid vc_custom_1476026573339 vc_row-o-equal-height vc_row-o-content-middle vc_row-flex\"><div class=\"wpb_column vc_column_container vc_col-sm-6 vc_col-lg-6 vc_col-md-6 vc_col-xs-12\"><div class=\"vc_column-inner vc_custom_1476026661856\"><div class=\"wpb_wrapper\">\n\t<div  class=\"wpb_single_image wpb_content_element vc_align_center\">\n\t\t\n\t\t<figure class=\"wpb_wrapper vc_figure\">\n\t\t\t<div class=\"vc_single_image-wrapper   vc_box_border_grey\"><img loading=\"lazy\" decoding=\"async\" width=\"300\" height=\"204\" src=\"https:\/\/www.nativitypilgrimage.com\/wp-content\/uploads\/2024\/02\/Nativity-Cares-300x204.png\" class=\"vc_single_image-img attachment-medium\" alt=\"Nativity Cares\" title=\"Natividad Cuida\" srcset=\"https:\/\/www.nativitypilgrimage.com\/wp-content\/uploads\/2024\/02\/Nativity-Cares-300x204.png 300w, https:\/\/www.nativitypilgrimage.com\/wp-content\/uploads\/2024\/02\/Nativity-Cares-1024x697.png 1024w, https:\/\/www.nativitypilgrimage.com\/wp-content\/uploads\/2024\/02\/Nativity-Cares-768x522.png 768w, https:\/\/www.nativitypilgrimage.com\/wp-content\/uploads\/2024\/02\/Nativity-Cares-600x408.png 600w, https:\/\/www.nativitypilgrimage.com\/wp-content\/uploads\/2024\/02\/Nativity-Cares.png 1376w\" sizes=\"auto, (max-width: 300px) 100vw, 300px\"  data-dt-location=\"https:\/\/www.nativitypilgrimage.com\/es\/nativity-cares\/attachment\/nativity-cares-2\/\" \/><\/div>\n\t\t<\/figure>\n\t<\/div>\n<div class=\"vc_empty_space\"   style=\"height: 50px\"><span class=\"vc_empty_space_inner\"><\/span><\/div>\n\t<div class=\"wpb_text_column wpb_content_element  vc_custom_1707699533455\" >\n\t\t<div class=\"wpb_wrapper\">\n\t\t\t<h4>Nativity Pilgrimage est\u00e1 profundamente implicada en la comunidad de Tierra Santa apoyando a iglesias cristianas, escuelas e instituciones sociales. Tenemos el privilegio y el honor de apoyar a los cristianos de Tierra Santa a trav\u00e9s de nuestra iniciativa Nativity Cares. Khaled Jacoub, presidente de Nativity Pilgrimage, tiene importantes lazos con Tierra Santa y cree firmemente que, como cristianos, debemos prestar un apoyo generoso a nuestros hermanos cristianos de todo el mundo.<\/h4>\n<h4>Por ello, Nativity Cares proporciona actualmente ayuda econ\u00f3mica a diversos proyectos y actividades parroquiales de Tierra Santa, as\u00ed como a iniciativas pastorales y educativas para los cristianos de Tierra Santa. Nativity Pilgrimage ha sido coherente a la hora de promover la concienciaci\u00f3n sobre la dif\u00edcil situaci\u00f3n de muchos cristianos palestinos, promoviendo y organizando peregrinaciones cristianas y compartiendo la recaudaci\u00f3n en su beneficio. Adem\u00e1s, Khaled est\u00e1 creando un fondo especial para contribuir a la creaci\u00f3n de puestos de trabajo, de modo que m\u00e1s cristianos locales puedan tener un empleo remunerado.<\/h4>\n\n\t\t<\/div>\n\t<\/div>\n<\/div><\/div><\/div><div class=\"wpb_column vc_column_container vc_col-sm-6\"><div class=\"vc_column-inner\"><div class=\"wpb_wrapper\"><div class=\"vc_empty_space\"   style=\"height: 200px\"><span class=\"vc_empty_space_inner\"><\/span><\/div>\n\t<div  class=\"wpb_single_image wpb_content_element vc_align_center  wpb_animate_when_almost_visible wpb_fadeIn fadeIn\">\n\t\t\n\t\t<figure class=\"wpb_wrapper vc_figure\">\n\t\t\t<div class=\"vc_single_image-wrapper   vc_box_border_grey\"><img loading=\"lazy\" decoding=\"async\" width=\"1920\" height=\"1280\" src=\"https:\/\/www.nativitypilgrimage.com\/wp-content\/uploads\/2024\/02\/Jerusalem_02-1920-x-1280.png\" class=\"vc_single_image-img attachment-full\" alt=\"View Overlooking Jerusalem\" title=\"Con vistas a Jerusal\u00e9n\" srcset=\"https:\/\/www.nativitypilgrimage.com\/wp-content\/uploads\/2024\/02\/Jerusalem_02-1920-x-1280.png 1920w, https:\/\/www.nativitypilgrimage.com\/wp-content\/uploads\/2024\/02\/Jerusalem_02-1920-x-1280-300x200.png 300w, https:\/\/www.nativitypilgrimage.com\/wp-content\/uploads\/2024\/02\/Jerusalem_02-1920-x-1280-1024x683.png 1024w, https:\/\/www.nativitypilgrimage.com\/wp-content\/uploads\/2024\/02\/Jerusalem_02-1920-x-1280-768x512.png 768w, https:\/\/www.nativitypilgrimage.com\/wp-content\/uploads\/2024\/02\/Jerusalem_02-1920-x-1280-1536x1024.png 1536w, https:\/\/www.nativitypilgrimage.com\/wp-content\/uploads\/2024\/02\/Jerusalem_02-1920-x-1280-600x400.png 600w\" sizes=\"auto, (max-width: 1920px) 100vw, 1920px\"  data-dt-location=\"https:\/\/www.nativitypilgrimage.com\/es\/about\/attachment\/jerusalem_02-1920-x-1280\/\" \/><\/div>\n\t\t<\/figure>\n\t<\/div>\n<\/div><\/div><\/div><\/div><div class=\"vc_row wpb_row vc_row-fluid vc_custom_1706637839172 vc_column-gap-5 vc_row-o-equal-height vc_row-o-content-top vc_row-flex\"><div class=\"wpb_column vc_column_container vc_col-sm-12\"><div class=\"vc_column-inner\"><div class=\"wpb_wrapper\"><div class=\"vc_empty_space\"   style=\"height: 150px\"><span class=\"vc_empty_space_inner\"><\/span><\/div>\n\t<div class=\"wpb_text_column wpb_content_element\" >\n\t\t<div class=\"wpb_wrapper\">\n\t\t\t<h2 style=\"text-align: center;\">\u00a1PR\u00d3XIMOS VIAJES!<\/h2>\n<p style=\"text-align: center;\">\u00a1\u00danete hoy mismo a una de nuestras peregrinaciones que cambian vidas!<\/p>\n\n\t\t<\/div>\n\t<\/div>\n\n\t<div class=\"wpb_raw_code wpb_raw_html wpb_content_element vc_custom_1640140292206\" >\n\t\t<div class=\"wpb_wrapper\">\n\t\t\t<!DOCTYPE html>\n<html>\n<head>\n<meta http-equiv=\"X-UA-Compatible\" content=\"IE=9,10,11\" \/>\n<meta name=\"viewport\" content=\"width=device-width, initial-scale=1\" \/>\n<\/head>\n<body>\n<iframe loading=\"lazy\" id=\"sessionframe\"  src=\"https:\/\/app.nativitypilgrimage.com\/trip\/?if=1\" width=\"100%\" height=\"700\"  frameborder=\"0\">\n<\/iframe>\n<\/body>\n<\/html>\n\t\t<\/div>\n\t<\/div>\n<\/div><\/div><\/div><\/div>\n<\/div>","protected":false},"excerpt":{"rendered":"<p>Nativity Pilgrimage est\u00e1 profundamente implicada en la comunidad de Tierra Santa apoyando a iglesias cristianas, escuelas e instituciones sociales. Tenemos el privilegio y el honor de apoyar a los cristianos de Tierra Santa a trav\u00e9s de nuestra iniciativa Nativity Cares. Khaled Jacoub, presidente de Nativity Pilgrimage, tiene importantes lazos con Tierra Santa y cree firmemente que nosotros, como cristianos,...<\/p>","protected":false},"author":8,"featured_media":0,"parent":0,"menu_order":0,"comment_status":"closed","ping_status":"closed","template":"template-microsite.php","meta":{"footnotes":""},"class_list":["post-55582","page","type-page","status-publish","hentry","description-off"],"_links":{"self":[{"href":"https:\/\/www.nativitypilgrimage.com\/es\/wp-json\/wp\/v2\/pages\/55582","targetHints":{"allow":["GET"]}}],"collection":[{"href":"https:\/\/www.nativitypilgrimage.com\/es\/wp-json\/wp\/v2\/pages"}],"about":[{"href":"https:\/\/www.nativitypilgrimage.com\/es\/wp-json\/wp\/v2\/types\/page"}],"author":[{"embeddable":true,"href":"https:\/\/www.nativitypilgrimage.com\/es\/wp-json\/wp\/v2\/users\/8"}],"replies":[{"embeddable":true,"href":"https:\/\/www.nativitypilgrimage.com\/es\/wp-json\/wp\/v2\/comments?post=55582"}],"version-history":[{"count":0,"href":"https:\/\/www.nativitypilgrimage.com\/es\/wp-json\/wp\/v2\/pages\/55582\/revisions"}],"wp:attachment":[{"href":"https:\/\/www.nativitypilgrimage.com\/es\/wp-json\/wp\/v2\/media?parent=55582"}],"curies":[{"name":"wp","href":"https:\/\/api.w.org\/{rel}","templated":true}]}}